{"id":5,"date":"2019-07-24T14:27:39","date_gmt":"2019-07-24T14:27:39","guid":{"rendered":"https:\/\/elbardexuna.com\/?page_id=5"},"modified":"2025-11-25T21:41:26","modified_gmt":"2025-11-25T21:41:26","slug":"dining","status":"publish","type":"page","link":"https:\/\/elbardexuna.com\/?page_id=5","title":{"rendered":"Dining"},"content":{"rendered":"<p><img decoding=\"async\" src=\"\/wp-content\/uploads\/2025\/10\/elbardexuna-blanco.png\" alt=\"\"><\/p>\n<h1>\n<h2>Donde la noche encuentra su ritmo<\/h2>\n<\/h1>\n<div>\n<p data-start=\"315\" data-end=\"609\">El Bar de Xuna es donde el tiempo se detiene y los sentidos despiertan. C\u00f3cteles creados con intenci\u00f3n, m\u00fasica que envuelve y una atm\u00f3sfera que se transforma con la noche.<\/p>\n<\/div>\n<p><p>\n        <a href=\"https:\/\/www.opentable.com.mx\/r\/el-bar-de-xuna-ciudad-de-mexico?corrid=a6d2f928-caea-4441-8b2a-204f8be4e19f&#038;p=2&#038;sd=2025-11-25T19%3A00%3A00\">RESERVAR<\/a>\n    <\/p>\n<\/p>\n<h2>UBICACI\u00d3N<\/h2>\n<div>\n<div class=\"oizC8BX8M3s-\">\n<div class=\"ugL-ExXtGrk-\">\n<div class=\"-XkftahGV5Y-\">Calle Valladolid 96, Col. Roma Norte, Ciudad de M\u00e9xico.<\/div>\n<\/div>\n<\/div>\n<\/div>\n<h2>HORARIO<\/h2>\n<ul>\n<li>\n<h3>Lun &#8211; Sab<\/h3>\n<div>\n<p>12:00 pm &#8211; 12:00 am<\/p>\n<\/div>\n<\/li>\n<li>\n<h3>Domingo<\/h3>\n<div>\n<p>2:00 pm &#8211; 10:00 pm<\/p>\n<\/div>\n<\/li>\n<\/ul>\n<h2>Contacto<\/h2>\n<div>\n<p>+52 55 9459 5020<\/p>\n<\/div>\n<p><!--more--><br \/>\n<!-- {\"type\":\"layout\",\"children\":[{\"name\":\"Contact\",\"type\":\"section\",\"props\":{\"animation\":\"fade\",\"image\":\"wp-content\\\/uploads\\\/2025\\\/10\\\/CASAIZEL-AC-31-1-scaled.jpg\",\"image_position\":\"center-center\",\"image_size\":\"cover\",\"media_overlay\":\"rgba(0, 0, 0, 0.74)\",\"padding\":\"large\",\"padding_remove_bottom\":false,\"style\":\"secondary\",\"title_breakpoint\":\"xl\",\"title_position\":\"top-left\",\"title_rotation\":\"left\",\"vertical_align\":\"\",\"width\":\"default\"},\"children\":[{\"type\":\"row\",\"children\":[{\"type\":\"column\",\"props\":{\"image_position\":\"center-center\",\"position_sticky_breakpoint\":\"m\",\"width_medium\":\"1-1\"},\"children\":[{\"type\":\"image\",\"props\":{\"image\":\"wp-content\\\/uploads\\\/2025\\\/10\\\/elbardexuna-blanco.png\",\"image_svg_color\":\"emphasis\",\"margin\":\"default\",\"maxwidth\":\"small\"}},{\"type\":\"headline\",\"props\":{\"content\":\"\n\n<h2>Donde la noche encuentra su ritmo<\\\/h2>\",\"maxwidth\":\"2xlarge\",\"position\":\"relative\",\"position_top\":\"0\",\"text_align\":\"left\",\"title_element\":\"h1\",\"title_style\":\"h2\"}},{\"type\":\"divider\",\"props\":{\"divider_element\":\"div\",\"divider_style\":\"small\"}},{\"type\":\"text\",\"props\":{\"column_breakpoint\":\"m\",\"content\":\"\n\n<p data-start=\\\"315\\\" data-end=\\\"609\\\">El Bar de Xuna es donde el tiempo se detiene y los sentidos despiertan. C\\u00f3cteles creados con intenci\\u00f3n, m\\u00fasica que envuelve y una atm\\u00f3sfera que se transforma con la noche.<\\\/p>\",\"margin\":\"medium\",\"maxwidth\":\"xlarge\",\"text_align\":\"left\"}},{\"type\":\"button\",\"props\":{\"button_size\":\"large\",\"grid_column_gap\":\"small\",\"grid_row_gap\":\"small\",\"margin\":\"default\"},\"children\":[{\"type\":\"button_item\",\"props\":{\"button_style\":\"text\",\"content\":\"RESERVAR\",\"dialog_layout\":\"modal\",\"dialog_offcanvas_flip\":true,\"icon_align\":\"left\",\"link\":\"https:\\\/\\\/www.opentable.com.mx\\\/r\\\/el-bar-de-xuna-ciudad-de-mexico?corrid=a6d2f928-caea-4441-8b2a-204f8be4e19f&p=2&sd=2025-11-25T19%3A00%3A00\"}}]}]}]},{\"type\":\"row\",\"props\":{\"column_gap\":\"large\",\"layout\":\"1-3,1-3,1-3\",\"margin\":\"xlarge\",\"row_gap\":\"large\",\"width\":\"default\"},\"children\":[{\"type\":\"column\",\"props\":{\"image_position\":\"center-center\",\"position_sticky_breakpoint\":\"m\",\"width_medium\":\"1-3\"},\"children\":[{\"type\":\"headline\",\"props\":{\"content\":\"UBICACI\\u00d3N\",\"margin\":\"medium\",\"margin_remove_bottom\":true,\"title_decoration\":\"divider\",\"title_element\":\"h2\",\"title_style\":\"h4\"}},{\"type\":\"text\",\"props\":{\"column_breakpoint\":\"m\",\"content\":\"\n\n<div class=\\\"oizC8BX8M3s-\\\">\\n\n\n<div class=\\\"ugL-ExXtGrk-\\\">\\n\n\n<div class=\\\"-XkftahGV5Y-\\\">Calle Valladolid 96, Col. Roma Norte, Ciudad de M\\u00e9xico.<\\\/div>\\n<\\\/div>\\n<\\\/div>\",\"margin\":\"default\",\"text_align\":\"left\"}}]},{\"type\":\"column\",\"props\":{\"image_position\":\"center-center\",\"position_sticky_breakpoint\":\"m\",\"width_medium\":\"1-3\"},\"children\":[{\"type\":\"headline\",\"props\":{\"content\":\"HORARIO\",\"margin\":\"medium\",\"margin_remove_bottom\":true,\"title_decoration\":\"divider\",\"title_element\":\"h2\",\"title_style\":\"h4\"}},{\"type\":\"description_list\",\"props\":{\"column_breakpoint\":\"m\",\"layout\":\"grid-2\",\"list_element\":\"ul\",\"meta_align\":\"below-content\",\"meta_style\":\"text-meta\",\"show_content\":true,\"show_link\":true,\"show_meta\":true,\"show_title\":true,\"title_element\":\"div\",\"title_grid_column_gap\":\"small\",\"title_grid_row_gap\":\"small\",\"title_grid_width\":\"small\"},\"children\":[{\"type\":\"description_list_item\",\"props\":{\"content\":\"\n\n<p>12:00 pm - 12:00 am<\\\/p>\",\"title\":\"Lun - Sab\"}},{\"type\":\"description_list_item\",\"props\":{\"content\":\"\n\n<p>2:00 pm - 10:00 pm<\\\/p>\",\"title\":\"Domingo\"}}]}]},{\"type\":\"column\",\"props\":{\"image_position\":\"center-center\",\"position_sticky_breakpoint\":\"m\",\"width_medium\":\"1-3\"},\"children\":[{\"type\":\"headline\",\"props\":{\"content\":\"Contacto\",\"margin_remove_bottom\":false,\"title_decoration\":\"divider\",\"title_element\":\"h2\",\"title_style\":\"h4\"}},{\"type\":\"text\",\"props\":{\"column_breakpoint\":\"m\",\"content\":\"\n\n<p>+52 55 9459 5020<\\\/p>\",\"margin\":\"remove-vertical\",\"margin_remove_bottom\":true}}]}]}]},{\"name\":\"Map\",\"type\":\"section\",\"props\":{\"image_position\":\"center-center\",\"padding\":\"none\",\"style\":\"default\",\"title_breakpoint\":\"xl\",\"title_position\":\"top-left\",\"title_rotation\":\"left\",\"vertical_align\":\"\",\"width\":\"\"},\"children\":[{\"type\":\"row\",\"children\":[{\"type\":\"column\",\"props\":{\"image_position\":\"center-center\",\"position_sticky_breakpoint\":\"m\",\"width_medium\":\"1-1\"}}]}]}],\"version\":\"4.5.21\"} --><\/p>\n","protected":false},"excerpt":{"rendered":"<p>Donde la noche encuentra su ritmo El Bar de Xuna es donde el tiempo se detiene y los sentidos despiertan. C\u00f3cteles creados con intenci\u00f3n, m\u00fasica que envuelve y una atm\u00f3sfera que se transforma con la noche. RESERVAR UBICACI\u00d3N Calle Valladolid 96, Col. Roma Norte, Ciudad de M\u00e9xico. HORARIO Lun &#8211; Sab 12:00 pm &#8211; 12:00 [&hellip;]<\/p>\n","protected":false},"author":1,"featured_media":0,"parent":0,"menu_order":7,"comment_status":"closed","ping_status":"closed","template":"","meta":{"_acf_changed":false,"footnotes":""},"class_list":["post-5","page","type-page","status-publish","hentry"],"acf":[],"_links":{"self":[{"href":"https:\/\/elbardexuna.com\/index.php?rest_route=\/wp\/v2\/pages\/5","targetHints":{"allow":["GET"]}}],"collection":[{"href":"https:\/\/elbardexuna.com\/index.php?rest_route=\/wp\/v2\/pages"}],"about":[{"href":"https:\/\/elbardexuna.com\/index.php?rest_route=\/wp\/v2\/types\/page"}],"author":[{"embeddable":true,"href":"https:\/\/elbardexuna.com\/index.php?rest_route=\/wp\/v2\/users\/1"}],"replies":[{"embeddable":true,"href":"https:\/\/elbardexuna.com\/index.php?rest_route=%2Fwp%2Fv2%2Fcomments&post=5"}],"version-history":[{"count":71,"href":"https:\/\/elbardexuna.com\/index.php?rest_route=\/wp\/v2\/pages\/5\/revisions"}],"predecessor-version":[{"id":2677,"href":"https:\/\/elbardexuna.com\/index.php?rest_route=\/wp\/v2\/pages\/5\/revisions\/2677"}],"wp:attachment":[{"href":"https:\/\/elbardexuna.com\/index.php?rest_route=%2Fwp%2Fv2%2Fmedia&parent=5"}],"curies":[{"name":"wp","href":"https:\/\/api.w.org\/{rel}","templated":true}]}}